{"id":1687,"date":"2024-09-01T17:51:57","date_gmt":"2024-09-01T17:51:57","guid":{"rendered":"https:\/\/swingfamilyfestival.fr\/?page_id=1687"},"modified":"2025-12-03T13:08:44","modified_gmt":"2025-12-03T13:08:44","slug":"faq","status":"publish","type":"page","link":"https:\/\/swingfamilyfestival.fr\/en\/faq\/","title":{"rendered":"FAQ"},"content":{"rendered":"<div data-elementor-type=\"wp-page\" data-elementor-id=\"1687\" class=\"elementor elementor-1687\">\n\t\t\t\t<div class=\"elementor-element elementor-element-9203f03 e-con-full e-flex e-con e-parent\" data-id=\"9203f03\" data-element_type=\"container\" data-settings=\"{&quot;background_background&quot;:&quot;gradient&quot;}\">\n\t\t\t\t<div class=\"elementor-element elementor-element-3bf2d69 elementor-widget elementor-widget-heading\" data-id=\"3bf2d69\" data-element_type=\"widget\" data-widget_type=\"heading.default\">\n\t\t\t\t<div class=\"elementor-widget-container\">\n\t\t\t<style>\/*! elementor - v3.23.0 - 05-08-2024 *\/\n.elementor-heading-title{padding:0;margin:0;line-height:1}.elementor-widget-heading .elementor-heading-title[class*=elementor-size-]>a{color:inherit;font-size:inherit;line-height:inherit}.elementor-widget-heading .elementor-heading-title.elementor-size-small{font-size:15px}.elementor-widget-heading .elementor-heading-title.elementor-size-medium{font-size:19px}.elementor-widget-heading .elementor-heading-title.elementor-size-large{font-size:29px}.elementor-widget-heading .elementor-heading-title.elementor-size-xl{font-size:39px}.elementor-widget-heading .elementor-heading-title.elementor-size-xxl{font-size:59px}<\/style><h2 class=\"elementor-heading-title elementor-size-default\">Frequently Asked Questions<\/h2>\t\t<\/div>\n\t\t\t\t<\/div>\n\t\t\t\t<div class=\"elementor-element elementor-element-61c8edf elementor-widget elementor-widget-spacer\" data-id=\"61c8edf\" data-element_type=\"widget\" data-widget_type=\"spacer.default\">\n\t\t\t\t<div class=\"elementor-widget-container\">\n\t\t\t<style>\/*! elementor - v3.23.0 - 05-08-2024 *\/\n.elementor-column .elementor-spacer-inner{height:var(--spacer-size)}.e-con{--container-widget-width:100%}.e-con-inner>.elementor-widget-spacer,.e-con>.elementor-widget-spacer{width:var(--container-widget-width,var(--spacer-size));--align-self:var(--container-widget-align-self,initial);--flex-shrink:0}.e-con-inner>.elementor-widget-spacer>.elementor-widget-container,.e-con>.elementor-widget-spacer>.elementor-widget-container{height:100%;width:100%}.e-con-inner>.elementor-widget-spacer>.elementor-widget-container>.elementor-spacer,.e-con>.elementor-widget-spacer>.elementor-widget-container>.elementor-spacer{height:100%}.e-con-inner>.elementor-widget-spacer>.elementor-widget-container>.elementor-spacer>.elementor-spacer-inner,.e-con>.elementor-widget-spacer>.elementor-widget-container>.elementor-spacer>.elementor-spacer-inner{height:var(--container-widget-height,var(--spacer-size))}.e-con-inner>.elementor-widget-spacer.elementor-widget-empty,.e-con>.elementor-widget-spacer.elementor-widget-empty{position:relative;min-height:22px;min-width:22px}.e-con-inner>.elementor-widget-spacer.elementor-widget-empty .elementor-widget-empty-icon,.e-con>.elementor-widget-spacer.elementor-widget-empty .elementor-widget-empty-icon{position:absolute;top:0;bottom:0;left:0;right:0;margin:auto;padding:0;width:22px;height:22px}<\/style>\t\t<div class=\"elementor-spacer\">\n\t\t\t<div class=\"elementor-spacer-inner\"><\/div>\n\t\t<\/div>\n\t\t\t\t<\/div>\n\t\t\t\t<\/div>\n\t\t\t\t<div class=\"elementor-element elementor-element-cab0d44 elementor-widget elementor-widget-heading\" data-id=\"cab0d44\" data-element_type=\"widget\" data-widget_type=\"heading.default\">\n\t\t\t\t<div class=\"elementor-widget-container\">\n\t\t\t<h2 class=\"elementor-heading-title elementor-size-default\">Access to the Festival<\/h2>\t\t<\/div>\n\t\t\t\t<\/div>\n\t\t\t\t<div class=\"elementor-element elementor-element-cdfd4e9 elementor-widget elementor-widget-text-editor\" data-id=\"cdfd4e9\" data-element_type=\"widget\" data-widget_type=\"text-editor.default\">\n\t\t\t\t<div class=\"elementor-widget-container\">\n\t\t\t<style>\/*! elementor - v3.23.0 - 05-08-2024 *\/\n.elementor-widget-text-editor.elementor-drop-cap-view-stacked .elementor-drop-cap{background-color:#69727d;color:#fff}.elementor-widget-text-editor.elementor-drop-cap-view-framed .elementor-drop-cap{color:#69727d;border:3px solid;background-color:transparent}.elementor-widget-text-editor:not(.elementor-drop-cap-view-default) .elementor-drop-cap{margin-top:8px}.elementor-widget-text-editor:not(.elementor-drop-cap-view-default) .elementor-drop-cap-letter{width:1em;height:1em}.elementor-widget-text-editor .elementor-drop-cap{float:left;text-align:center;line-height:1;font-size:50px}.elementor-widget-text-editor .elementor-drop-cap-letter{display:inline-block}<\/style>\t\t\t\t<p>The festival takes place in Saint Christol les Al\u00e8s, located in the northern part of the Gard, in the Occitanie region.<br \/>To get there by car, follow the direction of Al\u00e8s (30100).\nYou can also reach Al\u00e8s by train or bus from N\u00eemes city center station.<\/p><p>Once you arrive in Saint Christol les Al\u00e8s, you will find the Swing Family Festival welcome desk at the Maison pour Tous<br \/>At the back of the building, there is a parking lot available.<\/p>\t\t\t\t\t\t<\/div>\n\t\t\t\t<\/div>\n\t\t<div class=\"elementor-element elementor-element-803929c e-grid e-con-boxed e-con e-child\" data-id=\"803929c\" data-element_type=\"container\">\n\t\t\t\t\t<div class=\"e-con-inner\">\n\t\t\t\t<div class=\"elementor-element elementor-element-afb6167 elementor-widget elementor-widget-image\" data-id=\"afb6167\" data-element_type=\"widget\" data-widget_type=\"image.default\">\n\t\t\t\t<div class=\"elementor-widget-container\">\n\t\t\t<style>\/*! elementor - v3.23.0 - 05-08-2024 *\/\n.elementor-widget-image{text-align:center}.elementor-widget-image a{display:inline-block}.elementor-widget-image a img[src$=\".svg\"]{width:48px}.elementor-widget-image img{vertical-align:middle;display:inline-block}<\/style>\t\t\t\t\t\t\t\t\t\t<img fetchpriority=\"high\" decoding=\"async\" width=\"1024\" height=\"457\" src=\"https:\/\/swingfamilyfestival.fr\/wp-content\/uploads\/2024\/09\/parking-1024x457.jpg\" class=\"attachment-large size-large wp-image-1691\" alt=\"\" srcset=\"https:\/\/swingfamilyfestival.fr\/wp-content\/uploads\/2024\/09\/parking-1024x457.jpg 1024w, https:\/\/swingfamilyfestival.fr\/wp-content\/uploads\/2024\/09\/parking-300x134.jpg 300w, https:\/\/swingfamilyfestival.fr\/wp-content\/uploads\/2024\/09\/parking-768x343.jpg 768w, https:\/\/swingfamilyfestival.fr\/wp-content\/uploads\/2024\/09\/parking-1536x686.jpg 1536w, https:\/\/swingfamilyfestival.fr\/wp-content\/uploads\/2024\/09\/parking-320x143.jpg 320w, https:\/\/swingfamilyfestival.fr\/wp-content\/uploads\/2024\/09\/parking-480x214.jpg 480w, https:\/\/swingfamilyfestival.fr\/wp-content\/uploads\/2024\/09\/parking-800x357.jpg 800w, https:\/\/swingfamilyfestival.fr\/wp-content\/uploads\/2024\/09\/parking.jpg 1849w\" sizes=\"(max-width: 1024px) 100vw, 1024px\" \/>\t\t\t\t\t\t\t\t\t\t\t\t\t<\/div>\n\t\t\t\t<\/div>\n\t\t\t\t<div class=\"elementor-element elementor-element-32dde51 elementor-widget elementor-widget-google_maps\" data-id=\"32dde51\" data-element_type=\"widget\" data-widget_type=\"google_maps.default\">\n\t\t\t\t<div class=\"elementor-widget-container\">\n\t\t\t<style>\/*! elementor - v3.23.0 - 05-08-2024 *\/\n.elementor-widget-google_maps .elementor-widget-container{overflow:hidden}.elementor-widget-google_maps .elementor-custom-embed{line-height:0}.elementor-widget-google_maps iframe{height:300px}<\/style>\t\t<div class=\"elementor-custom-embed\">\n\t\t\t<iframe loading=\"lazy\"\n\t\t\t\t\tsrc=\"https:\/\/maps.google.com\/maps?q=41%20rue%20des%20marmouset%2030380%20saint%20christol%20les%20al%C3%A8s&#038;t=m&#038;z=18&#038;output=embed&#038;iwloc=near\"\n\t\t\t\t\ttitle=\"41 rue des marmouset 30380 saint christol les al\u00e8s\"\n\t\t\t\t\taria-label=\"41 rue des marmouset 30380 saint christol les al\u00e8s\"\n\t\t\t><\/iframe>\n\t\t<\/div>\n\t\t\t\t<\/div>\n\t\t\t\t<\/div>\n\t\t\t\t\t<\/div>\n\t\t\t\t<\/div>\n\t\t\t\t<div class=\"elementor-element elementor-element-ac55088 elementor-widget elementor-widget-spacer\" data-id=\"ac55088\" data-element_type=\"widget\" data-widget_type=\"spacer.default\">\n\t\t\t\t<div class=\"elementor-widget-container\">\n\t\t\t\t\t<div class=\"elementor-spacer\">\n\t\t\t<div class=\"elementor-spacer-inner\"><\/div>\n\t\t<\/div>\n\t\t\t\t<\/div>\n\t\t\t\t<\/div>\n\t\t\t\t<div class=\"elementor-element elementor-element-de76f62 elementor-widget elementor-widget-heading\" data-id=\"de76f62\" data-element_type=\"widget\" data-widget_type=\"heading.default\">\n\t\t\t\t<div class=\"elementor-widget-container\">\n\t\t\t<h2 class=\"elementor-heading-title elementor-size-default\">How to Register ?<\/h2>\t\t<\/div>\n\t\t\t\t<\/div>\n\t\t\t\t<div class=\"elementor-element elementor-element-952e396 elementor-widget elementor-widget-text-editor\" data-id=\"952e396\" data-element_type=\"widget\" data-widget_type=\"text-editor.default\">\n\t\t\t\t<div class=\"elementor-widget-container\">\n\t\t\t\t\t\t\t<p>Registrations open on September 20 at 1 PM (CET)!<\/p><p>To register for the Swing Family Festival, please follow these steps<\/p><ol><li class=\" translation-block\">Visit the Registration Page: Go to our official website and navigate to the registration section.<\/li><li class=\" translation-block\">Choose Your Pass: Select the pass that suits your needs. Options include the Weekend Pass and the Reduced Rate Pass for early registrations or groups.<\/li><li class=\" translation-block\">Fill Out the Form: Complete the registration form with your details, including names, contact information, and preferred dance levels.<\/li><li class=\" translation-block\">Submit Your Registration: After filling out the form, submit it online.<\/li><li class=\" translation-block\">Payment: Proceed with the payment according to the provided instructions. Payment can be made through secure online methods<\/li><li class=\" translation-block\">Confirmation: Once your registration and payment are processed, you will receive a confirmation email with further details.<\/li><\/ol><p class=\" translation-block\">For any questions or assistance regarding the registration process, please contact us at <strong>Swingfamilyfestival@gmail.com<\/strong> or check our <strong>FAQ<\/strong> section<\/p><p>Select your PASS by clicking on one of the images corresponding to the desired pass.<\/p>\t\t\t\t\t\t<\/div>\n\t\t\t\t<\/div>\n\t\t\t\t<div class=\"elementor-element elementor-element-69011bf elementor-widget elementor-widget-spacer\" data-id=\"69011bf\" data-element_type=\"widget\" data-widget_type=\"spacer.default\">\n\t\t\t\t<div class=\"elementor-widget-container\">\n\t\t\t\t\t<div class=\"elementor-spacer\">\n\t\t\t<div class=\"elementor-spacer-inner\"><\/div>\n\t\t<\/div>\n\t\t\t\t<\/div>\n\t\t\t\t<\/div>\n\t\t\t\t<div class=\"elementor-element elementor-element-1787578 elementor-widget elementor-widget-heading\" data-id=\"1787578\" data-element_type=\"widget\" data-widget_type=\"heading.default\">\n\t\t\t\t<div class=\"elementor-widget-container\">\n\t\t\t<h2 class=\"elementor-heading-title elementor-size-default\">Accommodations in Saint Christol les Ales<\/h2>\t\t<\/div>\n\t\t\t\t<\/div>\n\t\t\t\t<div class=\"elementor-element elementor-element-a5e3396 elementor-position-top elementor-widget elementor-widget-image-box\" data-id=\"a5e3396\" data-element_type=\"widget\" data-widget_type=\"image-box.default\">\n\t\t\t\t<div class=\"elementor-widget-container\">\n\t\t\t<style>.elementor-widget-image-box .elementor-image-box-content{width:100%}@media (min-width:768px){.elementor-widget-image-box.elementor-position-left .elementor-image-box-wrapper,.elementor-widget-image-box.elementor-position-right .elementor-image-box-wrapper{display:flex}.elementor-widget-image-box.elementor-position-right .elementor-image-box-wrapper{text-align:end;flex-direction:row-reverse}.elementor-widget-image-box.elementor-position-left .elementor-image-box-wrapper{text-align:start;flex-direction:row}.elementor-widget-image-box.elementor-position-top .elementor-image-box-img{margin:auto}.elementor-widget-image-box.elementor-vertical-align-top .elementor-image-box-wrapper{align-items:flex-start}.elementor-widget-image-box.elementor-vertical-align-middle .elementor-image-box-wrapper{align-items:center}.elementor-widget-image-box.elementor-vertical-align-bottom .elementor-image-box-wrapper{align-items:flex-end}}@media (max-width:767px){.elementor-widget-image-box .elementor-image-box-img{margin-left:auto!important;margin-right:auto!important;margin-bottom:15px}}.elementor-widget-image-box .elementor-image-box-img{display:inline-block}.elementor-widget-image-box .elementor-image-box-title a{color:inherit}.elementor-widget-image-box .elementor-image-box-wrapper{text-align:center}.elementor-widget-image-box .elementor-image-box-description{margin:0}<\/style><div class=\"elementor-image-box-wrapper\"><figure class=\"elementor-image-box-img\"><a href=\"https:\/\/www.booking.com\/hotel\/fr\/etap-ha-tel-ala-s-saint-christol.fr.html\" tabindex=\"-1\"><img decoding=\"async\" width=\"1024\" height=\"768\" src=\"https:\/\/swingfamilyfestival.fr\/wp-content\/uploads\/2024\/08\/248083732.jpg\" class=\"elementor-animation-grow attachment-full size-full wp-image-1105\" alt=\"\" srcset=\"https:\/\/swingfamilyfestival.fr\/wp-content\/uploads\/2024\/08\/248083732.jpg 1024w, https:\/\/swingfamilyfestival.fr\/wp-content\/uploads\/2024\/08\/248083732-300x225.jpg 300w, https:\/\/swingfamilyfestival.fr\/wp-content\/uploads\/2024\/08\/248083732-768x576.jpg 768w, https:\/\/swingfamilyfestival.fr\/wp-content\/uploads\/2024\/08\/248083732-320x240.jpg 320w, https:\/\/swingfamilyfestival.fr\/wp-content\/uploads\/2024\/08\/248083732-480x360.jpg 480w, https:\/\/swingfamilyfestival.fr\/wp-content\/uploads\/2024\/08\/248083732-800x600.jpg 800w\" sizes=\"(max-width: 1024px) 100vw, 1024px\" \/><\/a><\/figure><div class=\"elementor-image-box-content\"><h3 class=\"elementor-image-box-title\"><a href=\"https:\/\/www.booking.com\/hotel\/fr\/etap-ha-tel-ala-s-saint-christol.fr.html\">The Swing Family Festival team is partnered with the Ibis Budget Hotel in Saint Christol les Al\u00e8s. <\/a><\/h3><p class=\"elementor-image-box-description\">Click on the photo to directly access the hotel's website.<\/p><\/div><\/div>\t\t<\/div>\n\t\t\t\t<\/div>\n\t\t\t\t<div class=\"elementor-element elementor-element-3eacd00 elementor-widget elementor-widget-spacer\" data-id=\"3eacd00\" data-element_type=\"widget\" data-widget_type=\"spacer.default\">\n\t\t\t\t<div class=\"elementor-widget-container\">\n\t\t\t\t\t<div class=\"elementor-spacer\">\n\t\t\t<div class=\"elementor-spacer-inner\"><\/div>\n\t\t<\/div>\n\t\t\t\t<\/div>\n\t\t\t\t<\/div>\n\t\t\t\t<div class=\"elementor-element elementor-element-ea15f2d elementor-widget elementor-widget-heading\" data-id=\"ea15f2d\" data-element_type=\"widget\" data-widget_type=\"heading.default\">\n\t\t\t\t<div class=\"elementor-widget-container\">\n\t\t\t<h2 class=\"elementor-heading-title elementor-size-default\">Restauration <\/h2>\t\t<\/div>\n\t\t\t\t<\/div>\n\t\t\t\t<div class=\"elementor-element elementor-element-93ad630 elementor-position-top elementor-widget elementor-widget-image-box\" data-id=\"93ad630\" data-element_type=\"widget\" data-widget_type=\"image-box.default\">\n\t\t\t\t<div class=\"elementor-widget-container\">\n\t\t\t<div class=\"elementor-image-box-wrapper\"><figure class=\"elementor-image-box-img\"><img decoding=\"async\" width=\"1368\" height=\"1026\" src=\"https:\/\/swingfamilyfestival.fr\/wp-content\/uploads\/2025\/01\/244525850_2977145492603023_4358038823737447495_n.jpg\" class=\"elementor-animation-grow attachment-full size-full wp-image-2142\" alt=\"\" srcset=\"https:\/\/swingfamilyfestival.fr\/wp-content\/uploads\/2025\/01\/244525850_2977145492603023_4358038823737447495_n.jpg 1368w, https:\/\/swingfamilyfestival.fr\/wp-content\/uploads\/2025\/01\/244525850_2977145492603023_4358038823737447495_n-300x225.jpg 300w, https:\/\/swingfamilyfestival.fr\/wp-content\/uploads\/2025\/01\/244525850_2977145492603023_4358038823737447495_n-1024x768.jpg 1024w, https:\/\/swingfamilyfestival.fr\/wp-content\/uploads\/2025\/01\/244525850_2977145492603023_4358038823737447495_n-768x576.jpg 768w, https:\/\/swingfamilyfestival.fr\/wp-content\/uploads\/2025\/01\/244525850_2977145492603023_4358038823737447495_n-16x12.jpg 16w, https:\/\/swingfamilyfestival.fr\/wp-content\/uploads\/2025\/01\/244525850_2977145492603023_4358038823737447495_n-320x240.jpg 320w, https:\/\/swingfamilyfestival.fr\/wp-content\/uploads\/2025\/01\/244525850_2977145492603023_4358038823737447495_n-480x360.jpg 480w, https:\/\/swingfamilyfestival.fr\/wp-content\/uploads\/2025\/01\/244525850_2977145492603023_4358038823737447495_n-800x600.jpg 800w\" sizes=\"(max-width: 1368px) 100vw, 1368px\" \/><\/figure><div class=\"elementor-image-box-content\"><h3 class=\"elementor-image-box-title\">\ud83c\udf74 Snacking au Swing Family Festival \ud83c\udf74<\/h3><p class=\"elementor-image-box-description\">Take a tasty break during the Swing Family Festival<br><br>\nThroughout the weekend, we have prepared everything to satisfy your cravings quickly and easily.<br>\nThe on-site snack options will allow you to grab a bite without missing a minute of dancing!<br><br>\n\nFood Truck on site: Enjoy hot, homemade meals between classes or evening parties.<br>\n\nSnack bar: Sandwiches, salads, and sweet or savory snacks will be available for a quick break.<br><br>\n\nAnd for those who want more variety:<br><br>\n\nSeveral restaurants are located close to the festival venue.<br>\n\nA supermarket and local markets are also less than 800 meters away for easy access.<br><br>\n\nEverything is within reach to fully enjoy the festival without any hassle!<br><\/p><\/div><\/div>\t\t<\/div>\n\t\t\t\t<\/div>\n\t\t<div class=\"elementor-element elementor-element-a2e2534 e-grid e-con-boxed e-con e-child\" data-id=\"a2e2534\" data-element_type=\"container\">\n\t\t\t\t\t<div class=\"e-con-inner\">\n\t\t\t\t\t<\/div>\n\t\t\t\t<\/div>\n\t\t\t\t<\/div>\n\t\t\t\t<\/div>","protected":false},"excerpt":{"rendered":"<p>Foire aux questions Acc\u00e8s au festival Le festival se d\u00e9roule \u00e0 Saint Christol les Al\u00e8s, situ\u00e9e dans le nord du [&hellip;]<\/p>","protected":false},"author":1,"featured_media":0,"parent":0,"menu_order":0,"comment_status":"closed","ping_status":"closed","template":"","meta":{"_monsterinsights_skip_tracking":false,"_monsterinsights_sitenote_active":false,"_monsterinsights_sitenote_note":"","_monsterinsights_sitenote_category":0,"site-sidebar-layout":"no-sidebar","site-content-layout":"","ast-site-content-layout":"full-width-container","site-content-style":"default","site-sidebar-style":"default","ast-global-header-display":"","ast-banner-title-visibility":"","ast-main-header-display":"","ast-hfb-above-header-display":"","ast-hfb-below-header-display":"","ast-hfb-mobile-header-display":"","site-post-title":"disabled","ast-breadcrumbs-content":"","ast-featured-img":"disabled","footer-sml-layout":"","ast-disable-related-posts":"","theme-transparent-header-meta":"","adv-header-id-meta":"","stick-header-meta":"","header-above-stick-meta":"","header-main-stick-meta":"","header-below-stick-meta":"","astra-migrate-meta-layouts":"default","ast-page-background-enabled":"default","ast-page-background-meta":{"desktop":{"background-color":"var(--ast-global-color-4)","background-image":"","background-repeat":"repeat","background-position":"center center","background-size":"auto","background-attachment":"scroll","background-type":"","background-media":"","overlay-type":"","overlay-color":"","overlay-opacity":"","overlay-gradient":""},"tablet":{"background-color":"","background-image":"","background-repeat":"repeat","background-position":"center center","background-size":"auto","background-attachment":"scroll","background-type":"","background-media":"","overlay-type":"","overlay-color":"","overlay-opacity":"","overlay-gradient":""},"mobile":{"background-color":"","background-image":"","background-repeat":"repeat","background-position":"center center","background-size":"auto","background-attachment":"scroll","background-type":"","background-media":"","overlay-type":"","overlay-color":"","overlay-opacity":"","overlay-gradient":""}},"ast-content-background-meta":{"desktop":{"background-color":"var(--ast-global-color-5)","background-image":"","background-repeat":"repeat","background-position":"center center","background-size":"auto","background-attachment":"scroll","background-type":"","background-media":"","overlay-type":"","overlay-color":"","overlay-opacity":"","overlay-gradient":""},"tablet":{"background-color":"var(--ast-global-color-5)","background-image":"","background-repeat":"repeat","background-position":"center center","background-size":"auto","background-attachment":"scroll","background-type":"","background-media":"","overlay-type":"","overlay-color":"","overlay-opacity":"","overlay-gradient":""},"mobile":{"background-color":"var(--ast-global-color-5)","background-image":"","background-repeat":"repeat","background-position":"center center","background-size":"auto","background-attachment":"scroll","background-type":"","background-media":"","overlay-type":"","overlay-color":"","overlay-opacity":"","overlay-gradient":""}},"footnotes":""},"class_list":["post-1687","page","type-page","status-publish","hentry"],"_links":{"self":[{"href":"https:\/\/swingfamilyfestival.fr\/en\/wp-json\/wp\/v2\/pages\/1687"}],"collection":[{"href":"https:\/\/swingfamilyfestival.fr\/en\/wp-json\/wp\/v2\/pages"}],"about":[{"href":"https:\/\/swingfamilyfestival.fr\/en\/wp-json\/wp\/v2\/types\/page"}],"author":[{"embeddable":true,"href":"https:\/\/swingfamilyfestival.fr\/en\/wp-json\/wp\/v2\/users\/1"}],"replies":[{"embeddable":true,"href":"https:\/\/swingfamilyfestival.fr\/en\/wp-json\/wp\/v2\/comments?post=1687"}],"version-history":[{"count":58,"href":"https:\/\/swingfamilyfestival.fr\/en\/wp-json\/wp\/v2\/pages\/1687\/revisions"}],"predecessor-version":[{"id":2601,"href":"https:\/\/swingfamilyfestival.fr\/en\/wp-json\/wp\/v2\/pages\/1687\/revisions\/2601"}],"wp:attachment":[{"href":"https:\/\/swingfamilyfestival.fr\/en\/wp-json\/wp\/v2\/media?parent=1687"}],"curies":[{"name":"wp","href":"https:\/\/api.w.org\/{rel}","templated":true}]}}