{"id":2095,"date":"2024-10-06T11:07:47","date_gmt":"2024-10-06T11:07:47","guid":{"rendered":"https:\/\/swingfamilyfestival.fr\/?page_id=2095"},"modified":"2024-10-06T11:40:25","modified_gmt":"2024-10-06T11:40:25","slug":"juju-et-mimi","status":"publish","type":"page","link":"https:\/\/swingfamilyfestival.fr\/en\/professeurs\/juju-et-mimi\/","title":{"rendered":"Mihanta &#038; Julien"},"content":{"rendered":"<div data-elementor-type=\"wp-page\" data-elementor-id=\"2095\" class=\"elementor elementor-2095\">\n\t\t\t\t<div class=\"elementor-element elementor-element-d70fcaf e-flex e-con-boxed e-con e-parent\" data-id=\"d70fcaf\" data-element_type=\"container\" data-settings=\"{&quot;background_background&quot;:&quot;gradient&quot;}\">\n\t\t\t\t\t<div class=\"e-con-inner\">\n\t\t<div class=\"elementor-element elementor-element-7c4b6d6 e-con-full e-flex e-con e-child\" data-id=\"7c4b6d6\" data-element_type=\"container\" data-settings=\"{&quot;background_background&quot;:&quot;gradient&quot;}\">\n\t\t<div class=\"elementor-element elementor-element-0a97c2d e-flex e-con-boxed e-con e-child\" data-id=\"0a97c2d\" data-element_type=\"container\" data-settings=\"{&quot;background_background&quot;:&quot;gradient&quot;}\">\n\t\t\t\t\t<div class=\"e-con-inner\">\n\t\t<div class=\"elementor-element elementor-element-029644e e-con-full e-flex e-con e-child\" data-id=\"029644e\" data-element_type=\"container\">\n\t\t\t\t<div class=\"elementor-element elementor-element-a9626f4 elementor-widget elementor-widget-image\" data-id=\"a9626f4\" data-element_type=\"widget\" data-widget_type=\"image.default\">\n\t\t\t\t<div class=\"elementor-widget-container\">\n\t\t\t<style>\/*! elementor - v3.23.0 - 05-08-2024 *\/\n.elementor-widget-image{text-align:center}.elementor-widget-image a{display:inline-block}.elementor-widget-image a img[src$=\".svg\"]{width:48px}.elementor-widget-image img{vertical-align:middle;display:inline-block}<\/style>\t\t\t\t\t\t\t\t\t\t<img fetchpriority=\"high\" decoding=\"async\" width=\"1080\" height=\"1080\" src=\"https:\/\/swingfamilyfestival.fr\/wp-content\/uploads\/2024\/10\/Juju-et-mimi.jpg\" class=\"attachment-full size-full wp-image-2098\" alt=\"\" srcset=\"https:\/\/swingfamilyfestival.fr\/wp-content\/uploads\/2024\/10\/Juju-et-mimi.jpg 1080w, https:\/\/swingfamilyfestival.fr\/wp-content\/uploads\/2024\/10\/Juju-et-mimi-300x300.jpg 300w, https:\/\/swingfamilyfestival.fr\/wp-content\/uploads\/2024\/10\/Juju-et-mimi-1024x1024.jpg 1024w, https:\/\/swingfamilyfestival.fr\/wp-content\/uploads\/2024\/10\/Juju-et-mimi-150x150.jpg 150w, https:\/\/swingfamilyfestival.fr\/wp-content\/uploads\/2024\/10\/Juju-et-mimi-768x768.jpg 768w, https:\/\/swingfamilyfestival.fr\/wp-content\/uploads\/2024\/10\/Juju-et-mimi-12x12.jpg 12w, https:\/\/swingfamilyfestival.fr\/wp-content\/uploads\/2024\/10\/Juju-et-mimi-320x320.jpg 320w, https:\/\/swingfamilyfestival.fr\/wp-content\/uploads\/2024\/10\/Juju-et-mimi-480x480.jpg 480w, https:\/\/swingfamilyfestival.fr\/wp-content\/uploads\/2024\/10\/Juju-et-mimi-800x800.jpg 800w\" sizes=\"(max-width: 1080px) 100vw, 1080px\" \/>\t\t\t\t\t\t\t\t\t\t\t\t\t<\/div>\n\t\t\t\t<\/div>\n\t\t\t\t<\/div>\n\t\t<div class=\"elementor-element elementor-element-8571d05 e-con-full e-flex e-con e-child\" data-id=\"8571d05\" data-element_type=\"container\">\n\t\t<div class=\"elementor-element elementor-element-f7de9db e-con-full e-flex e-con e-child\" data-id=\"f7de9db\" data-element_type=\"container\">\n\t\t<div class=\"elementor-element elementor-element-a1d29da e-con-full e-flex e-con e-child\" data-id=\"a1d29da\" data-element_type=\"container\">\n\t\t\t\t<div class=\"elementor-element elementor-element-208f2ae elementor-widget elementor-widget-heading\" data-id=\"208f2ae\" data-element_type=\"widget\" data-widget_type=\"heading.default\">\n\t\t\t\t<div class=\"elementor-widget-container\">\n\t\t\t<style>\/*! elementor - v3.23.0 - 05-08-2024 *\/\n.elementor-heading-title{padding:0;margin:0;line-height:1}.elementor-widget-heading .elementor-heading-title[class*=elementor-size-]>a{color:inherit;font-size:inherit;line-height:inherit}.elementor-widget-heading .elementor-heading-title.elementor-size-small{font-size:15px}.elementor-widget-heading .elementor-heading-title.elementor-size-medium{font-size:19px}.elementor-widget-heading .elementor-heading-title.elementor-size-large{font-size:29px}.elementor-widget-heading .elementor-heading-title.elementor-size-xl{font-size:39px}.elementor-widget-heading .elementor-heading-title.elementor-size-xxl{font-size:59px}<\/style><h2 class=\"elementor-heading-title elementor-size-default\">Mihanta &amp; Julien<\/h2>\t\t<\/div>\n\t\t\t\t<\/div>\n\t\t\t\t<div class=\"elementor-element elementor-element-07b2010 elementor-widget elementor-widget-text-editor\" data-id=\"07b2010\" data-element_type=\"widget\" data-widget_type=\"text-editor.default\">\n\t\t\t\t<div class=\"elementor-widget-container\">\n\t\t\t<style>\/*! elementor - v3.23.0 - 05-08-2024 *\/\n.elementor-widget-text-editor.elementor-drop-cap-view-stacked .elementor-drop-cap{background-color:#69727d;color:#fff}.elementor-widget-text-editor.elementor-drop-cap-view-framed .elementor-drop-cap{color:#69727d;border:3px solid;background-color:transparent}.elementor-widget-text-editor:not(.elementor-drop-cap-view-default) .elementor-drop-cap{margin-top:8px}.elementor-widget-text-editor:not(.elementor-drop-cap-view-default) .elementor-drop-cap-letter{width:1em;height:1em}.elementor-widget-text-editor .elementor-drop-cap{float:left;text-align:center;line-height:1;font-size:50px}.elementor-widget-text-editor .elementor-drop-cap-letter{display:inline-block}<\/style>\t\t\t\t<p>Julien, a dancer since 2009, trained with the best and has stood out across Europe for his unique style. He has taught with international dancers and placed 2nd at the 2014 ILHC in the Pro-Am division. His classes, combining technique and creativity, are a space where he enthusiastically shares his passion.<\/p><p>Mihanta, nicknamed Mimi, has been dancing since the age of 8. After 10 years of classical dance and 5 years of modern jazz, she discovered Lindy Hop in 2005, which became her passion. Since 2011, she has been teaching Lindy Hop and solo Charleston, sharing her energy with the Swingjammerz.<\/p>\t\t\t\t\t\t<\/div>\n\t\t\t\t<\/div>\n\t\t\t\t<div class=\"elementor-element elementor-element-a60c83b elementor-widget elementor-widget-video\" data-id=\"a60c83b\" data-element_type=\"widget\" data-settings=\"{&quot;youtube_url&quot;:&quot;https:\\\/\\\/www.youtube.com\\\/watch?v=yCHoJ_DEhRI&quot;,&quot;video_type&quot;:&quot;youtube&quot;,&quot;controls&quot;:&quot;yes&quot;}\" data-widget_type=\"video.default\">\n\t\t\t\t<div class=\"elementor-widget-container\">\n\t\t\t<style>\/*! elementor - v3.23.0 - 05-08-2024 *\/\n.elementor-widget-video .elementor-widget-container{overflow:hidden;transform:translateZ(0)}.elementor-widget-video .elementor-wrapper{aspect-ratio:var(--video-aspect-ratio)}.elementor-widget-video .elementor-wrapper iframe,.elementor-widget-video .elementor-wrapper video{height:100%;width:100%;display:flex;border:none;background-color:#000}@supports not (aspect-ratio:1\/1){.elementor-widget-video .elementor-wrapper{position:relative;overflow:hidden;height:0;padding-bottom:calc(100% \/ var(--video-aspect-ratio))}.elementor-widget-video .elementor-wrapper iframe,.elementor-widget-video .elementor-wrapper video{position:absolute;top:0;right:0;bottom:0;left:0}}.elementor-widget-video .elementor-open-inline .elementor-custom-embed-image-overlay{position:absolute;top:0;right:0;bottom:0;left:0;background-size:cover;background-position:50%}.elementor-widget-video .elementor-custom-embed-image-overlay{cursor:pointer;text-align:center}.elementor-widget-video .elementor-custom-embed-image-overlay:hover .elementor-custom-embed-play i{opacity:1}.elementor-widget-video .elementor-custom-embed-image-overlay img{display:block;width:100%;aspect-ratio:var(--video-aspect-ratio);-o-object-fit:cover;object-fit:cover;-o-object-position:center center;object-position:center center}@supports not (aspect-ratio:1\/1){.elementor-widget-video .elementor-custom-embed-image-overlay{position:relative;overflow:hidden;height:0;padding-bottom:calc(100% \/ var(--video-aspect-ratio))}.elementor-widget-video .elementor-custom-embed-image-overlay img{position:absolute;top:0;right:0;bottom:0;left:0}}.elementor-widget-video .e-hosted-video .elementor-video{-o-object-fit:cover;object-fit:cover}.e-con-inner>.elementor-widget-video,.e-con>.elementor-widget-video{width:var(--container-widget-width);--flex-grow:var(--container-widget-flex-grow)}<\/style>\t\t<div class=\"elementor-wrapper elementor-open-inline\">\n\t\t\t<div class=\"elementor-video\"><\/div>\t\t<\/div>\n\t\t\t\t<\/div>\n\t\t\t\t<\/div>\n\t\t\t\t<\/div>\n\t\t\t\t<\/div>\n\t\t\t\t<\/div>\n\t\t\t\t\t<\/div>\n\t\t\t\t<\/div>\n\t\t\t\t<\/div>\n\t\t\t\t\t<\/div>\n\t\t\t\t<\/div>\n\t\t\t\t<\/div>","protected":false},"excerpt":{"rendered":"<p>Mihanta &amp; Julien Julien, danseur depuis 2009, s&rsquo;est form\u00e9 aupr\u00e8s des meilleurs et s&rsquo;est distingu\u00e9 en Europe par son style [&hellip;]<\/p>","protected":false},"author":1,"featured_media":0,"parent":946,"menu_order":0,"comment_status":"closed","ping_status":"closed","template":"","meta":{"_monsterinsights_skip_tracking":false,"_monsterinsights_sitenote_active":false,"_monsterinsights_sitenote_note":"","_monsterinsights_sitenote_category":0,"site-sidebar-layout":"no-sidebar","site-content-layout":"","ast-site-content-layout":"full-width-container","site-content-style":"default","site-sidebar-style":"default","ast-global-header-display":"","ast-banner-title-visibility":"","ast-main-header-display":"","ast-hfb-above-header-display":"","ast-hfb-below-header-display":"","ast-hfb-mobile-header-display":"","site-post-title":"","ast-breadcrumbs-content":"","ast-featured-img":"disabled","footer-sml-layout":"","ast-disable-related-posts":"","theme-transparent-header-meta":"","adv-header-id-meta":"","stick-header-meta":"","header-above-stick-meta":"","header-main-stick-meta":"","header-below-stick-meta":"","astra-migrate-meta-layouts":"default","ast-page-background-enabled":"default","ast-page-background-meta":{"desktop":{"background-color":"var(--ast-global-color-4)","background-image":"","background-repeat":"repeat","background-position":"center center","background-size":"auto","background-attachment":"scroll","background-type":"","background-media":"","overlay-type":"","overlay-color":"","overlay-opacity":"","overlay-gradient":""},"tablet":{"background-color":"","background-image":"","background-repeat":"repeat","background-position":"center center","background-size":"auto","background-attachment":"scroll","background-type":"","background-media":"","overlay-type":"","overlay-color":"","overlay-opacity":"","overlay-gradient":""},"mobile":{"background-color":"","background-image":"","background-repeat":"repeat","background-position":"center center","background-size":"auto","background-attachment":"scroll","background-type":"","background-media":"","overlay-type":"","overlay-color":"","overlay-opacity":"","overlay-gradient":""}},"ast-content-background-meta":{"desktop":{"background-color":"var(--ast-global-color-5)","background-image":"","background-repeat":"repeat","background-position":"center center","background-size":"auto","background-attachment":"scroll","background-type":"","background-media":"","overlay-type":"","overlay-color":"","overlay-opacity":"","overlay-gradient":""},"tablet":{"background-color":"var(--ast-global-color-5)","background-image":"","background-repeat":"repeat","background-position":"center center","background-size":"auto","background-attachment":"scroll","background-type":"","background-media":"","overlay-type":"","overlay-color":"","overlay-opacity":"","overlay-gradient":""},"mobile":{"background-color":"var(--ast-global-color-5)","background-image":"","background-repeat":"repeat","background-position":"center center","background-size":"auto","background-attachment":"scroll","background-type":"","background-media":"","overlay-type":"","overlay-color":"","overlay-opacity":"","overlay-gradient":""}},"footnotes":""},"class_list":["post-2095","page","type-page","status-publish","hentry"],"_links":{"self":[{"href":"https:\/\/swingfamilyfestival.fr\/en\/wp-json\/wp\/v2\/pages\/2095"}],"collection":[{"href":"https:\/\/swingfamilyfestival.fr\/en\/wp-json\/wp\/v2\/pages"}],"about":[{"href":"https:\/\/swingfamilyfestival.fr\/en\/wp-json\/wp\/v2\/types\/page"}],"author":[{"embeddable":true,"href":"https:\/\/swingfamilyfestival.fr\/en\/wp-json\/wp\/v2\/users\/1"}],"replies":[{"embeddable":true,"href":"https:\/\/swingfamilyfestival.fr\/en\/wp-json\/wp\/v2\/comments?post=2095"}],"version-history":[{"count":10,"href":"https:\/\/swingfamilyfestival.fr\/en\/wp-json\/wp\/v2\/pages\/2095\/revisions"}],"predecessor-version":[{"id":2117,"href":"https:\/\/swingfamilyfestival.fr\/en\/wp-json\/wp\/v2\/pages\/2095\/revisions\/2117"}],"up":[{"embeddable":true,"href":"https:\/\/swingfamilyfestival.fr\/en\/wp-json\/wp\/v2\/pages\/946"}],"wp:attachment":[{"href":"https:\/\/swingfamilyfestival.fr\/en\/wp-json\/wp\/v2\/media?parent=2095"}],"curies":[{"name":"wp","href":"https:\/\/api.w.org\/{rel}","templated":true}]}}